{"id":17,"date":"2021-03-11T13:29:51","date_gmt":"2021-03-11T12:29:51","guid":{"rendered":"https:\/\/meinepraxis.seam-release.at\/?page_id=17"},"modified":"2026-01-13T19:32:26","modified_gmt":"2026-01-13T18:32:26","slug":"ueber-mich","status":"publish","type":"page","link":"https:\/\/www.meinepraxis.at\/de\/ueber-mich\/","title":{"rendered":"\u00dcber mich"},"content":{"rendered":"\n<figure class=\"wp-block-gallery has-nested-images columns-default is-cropped wp-block-gallery-1 is-layout-flex wp-block-gallery-is-layout-flex\">\n<figure class=\"wp-block-image size-full\"><img loading=\"lazy\" decoding=\"async\" width=\"3000\" height=\"2000\" data-id=\"1192\" src=\"https:\/\/www.meinepraxis.at\/wp-content\/uploads\/2023\/11\/Rene-Kraenzl-Wiesenthal_cMartina-Siebenhandl_18.png\" alt=\"\" class=\"wp-image-1192\" srcset=\"https:\/\/www.meinepraxis.at\/wp-content\/uploads\/2023\/11\/Rene-Kraenzl-Wiesenthal_cMartina-Siebenhandl_18.png 3000w, https:\/\/www.meinepraxis.at\/wp-content\/uploads\/2023\/11\/Rene-Kraenzl-Wiesenthal_cMartina-Siebenhandl_18-600x400.png 600w, https:\/\/www.meinepraxis.at\/wp-content\/uploads\/2023\/11\/Rene-Kraenzl-Wiesenthal_cMartina-Siebenhandl_18-768x512.png 768w, https:\/\/www.meinepraxis.at\/wp-content\/uploads\/2023\/11\/Rene-Kraenzl-Wiesenthal_cMartina-Siebenhandl_18-1536x1024.png 1536w, https:\/\/www.meinepraxis.at\/wp-content\/uploads\/2023\/11\/Rene-Kraenzl-Wiesenthal_cMartina-Siebenhandl_18-2048x1365.png 2048w\" sizes=\"auto, (max-width: 3000px) 100vw, 3000px\" \/><\/figure>\n<\/figure>\n\n\n\n<h2 class=\"wp-block-heading\">Meine Ausbildung<\/h2>\n\n\n\n<ul class=\"wp-block-list\">\n<li>Evolutionary Physiology 2019-23 (Girardin; FIN)<\/li>\n\n\n\n<li>Embryology 2016-19 (Hoeppner; BEL und GER)<\/li>\n\n\n\n<li>Evolutionary Osteopathy &#8211; EVOST 2015-19 (Morphologicum; BEL)<\/li>\n\n\n\n<li>Biodynamik 2009-17 (Shaver; A)<\/li>\n\n\n\n<li>PNEI 2013-14 (Camirand; A und GER)<\/li>\n\n\n\n<li>FDM 2007-09 (Harrer EFDMA; A)<\/li>\n\n\n\n<li>Podologie 2003 (Frimmel; A)<\/li>\n\n\n\n<li>Osteopathie 2002-09 (WSO; A)<\/li>\n\n\n\n<li>Physiotherapie 1998-01 (Wien; Austria)<\/li>\n<\/ul>\n\n\n\n<ul class=\"wp-block-list\">\n<li>Mitglied des EVOST Fellowship seit 2019<\/li>\n\n\n\n<li>Mitglied bei \u00d6PV und \u00d6GO<\/li>\n<\/ul>\n\n\n\n<p>Meine Spezialit\u00e4t ist es, Durchl\u00e4ssigkeit zu schaffen, wo zu viel Dichte den K\u00f6rper steif und schwerf\u00e4llig macht. Die Ordnung, die ich schaffe, erm\u00f6glicht ein dynamisches Gleichgewicht und spart dir so Energie. Dieses dynamische Gleichgewicht nimmt dir nicht nur den Schmerz, sondern erm\u00f6glicht dir, deine Ressourcen anderweitig zu nutzen.<\/p>\n\n\n\n<p>Ich liebe mein Handwerk und den Zauber der Natur. Dabei denke ich pragmatisch. Ich suche Gesundheit, nicht Krankheit. So finde ich L\u00f6sungen.<\/p>\n\n\n\n<blockquote class=\"wp-block-quote is-layout-flow wp-block-quote-is-layout-flow\">\n<p>Alle Erfahrungen, die ich in meinem Leben gemacht habe, sind in die therapeutische Arbeit eingeflossen, die ich nun anbieten kann.<\/p>\n<cite>Rene Kr\u00e4nzl-Wiesenthal<\/cite><\/blockquote>\n\n\n\n<p>Aus verschiedenen Gr\u00fcnden stand f\u00fcr viele Jahre meine Arbeit f\u00fcr mich im Vordergrund. Vieles in meinem Leben hat sich darum gedreht, mein Handwerk auf ein immer h\u00f6heres Niveau zu bringen.<\/p>\n\n\n\n<p>Dazu habe ich mit allem experimentiert, was mir das Leben geboten hat. Meine Entwicklung als Mensch war dazu ebenso bedeutend wie fachliches Wissen und naturwissenschaftliches Lernen, <br>K\u00f6rperliches Grenzgehen, Selbsterfahrung, Psychotherapie, Energiearbeit,<br>Partnerschaft und meine strengsten Lehrer, meine Kinder.<\/p>\n","protected":false},"excerpt":{"rendered":"<p>Meine Ausbildung Meine Spezialit\u00e4t ist es, Durchl\u00e4ssigkeit zu schaffen, wo zu viel Dichte den K\u00f6rper steif und schwerf\u00e4llig macht. Die Ordnung, die ich schaffe, erm\u00f6glicht ein dynamisches Gleichgewicht und spart dir so Energie. Dieses dynamische Gleichgewicht nimmt dir nicht nur den Schmerz, sondern erm\u00f6glicht dir, deine Ressourcen anderweitig zu nutzen. [&hellip;]<\/p>\n","protected":false},"author":2,"featured_media":0,"parent":0,"menu_order":3,"comment_status":"closed","ping_status":"closed","template":"","meta":{"_acf_changed":false,"footnotes":""},"class_list":["post-17","page","type-page","status-publish","hentry"],"acf":[],"_links":{"self":[{"href":"https:\/\/www.meinepraxis.at\/de\/wp-json\/wp\/v2\/pages\/17","targetHints":{"allow":["GET"]}}],"collection":[{"href":"https:\/\/www.meinepraxis.at\/de\/wp-json\/wp\/v2\/pages"}],"about":[{"href":"https:\/\/www.meinepraxis.at\/de\/wp-json\/wp\/v2\/types\/page"}],"author":[{"embeddable":true,"href":"https:\/\/www.meinepraxis.at\/de\/wp-json\/wp\/v2\/users\/2"}],"replies":[{"embeddable":true,"href":"https:\/\/www.meinepraxis.at\/de\/wp-json\/wp\/v2\/comments?post=17"}],"version-history":[{"count":52,"href":"https:\/\/www.meinepraxis.at\/de\/wp-json\/wp\/v2\/pages\/17\/revisions"}],"predecessor-version":[{"id":1555,"href":"https:\/\/www.meinepraxis.at\/de\/wp-json\/wp\/v2\/pages\/17\/revisions\/1555"}],"wp:attachment":[{"href":"https:\/\/www.meinepraxis.at\/de\/wp-json\/wp\/v2\/media?parent=17"}],"curies":[{"name":"wp","href":"https:\/\/api.w.org\/{rel}","templated":true}]}}