{"id":25,"date":"2021-03-11T13:30:37","date_gmt":"2021-03-11T12:30:37","guid":{"rendered":"https:\/\/meinepraxis.seam-release.at\/?page_id=25"},"modified":"2025-04-16T09:52:42","modified_gmt":"2025-04-16T07:52:42","slug":"kontakt","status":"publish","type":"page","link":"https:\/\/www.meinepraxis.at\/de\/kontakt\/","title":{"rendered":"Kontakt"},"content":{"rendered":"\n<h3 class=\"wp-block-heading\">Rene Kr\u00e4nzl-Wiesenthal<\/h3>\n\n\n\n<p>Ab dem 1. Mai 2025 werde ich in 1030 Wien anzutreffen sein.<br>Die neue Adresse lautet ab dann:<\/p>\n\n\n\n<p>Parkgasse 10\/4<br>1030 Wien<br>T: +43 (0)6991 107 400 40<br>E: <a href=\"&#109;&#x61;&#105;&#x6c;&#116;&#x6f;&#58;&#x73;&#99;&#x68;&#114;&#x65;&#105;&#x62;&#116;&#x69;&#115;&#x63;&#104;&#x40;&#109;&#x65;&#105;&#x6e;&#101;&#x70;r&#x61;x&#x69;s&#x2e;a&#x74;\">&#x73;&#x63;&#104;&#114;e&#x69;&#x62;&#x74;&#105;sc&#x68;&#x40;&#109;&#101;i&#x6e;&#x65;&#x70;&#114;ax&#x69;&#x73;&#46;&#97;t<\/a><\/p>\n\n\n\n<p>Termine nur nach Vereinbarung<\/p>\n\n\n\n<p><strong>Die Praxis ist ganz einfach zu finden.<\/strong><\/p>\n\n\n\n<p>Die Parkgasse befindet sich zwischen Rochuspark und der Erdberger L\u00e4nde. Sie ist sowohl mit dem Auto, als auch mit \u00d6ffis und Fahrrad einfach zu erreichen. Vorbei sind die Tage, an denen ihr meine Praxis suchen musstet. Ganz einfach zu Parkgasse 10. Durch die Eingangst\u00fcre, ein paar Stufen hinauf und da befindet sich die Praxis hinter der ersten T\u00fcre auf der linken Seite.<br>Also die Stiegen rauf und links.<\/p>\n\n\n\n<p><strong>Parken<\/strong><\/p>\n\n\n\n<p>Das Parken wird nun deutlich einfacher als bisher und ist in der Umgebung der Praxis in der Regel kein Problem.<\/p>\n\n\n\n<p><strong>U-Bahn<\/strong><\/p>\n\n\n\n<p>Die n\u00e4chste U-Bahn ist die U3 und ihre n\u00e4heste Station die Rochusgasse. Von dort ist es nur ein paar Fu\u00dfminuten zur Praxis.<\/p>\n\n\n\n<p>ICH FREU MICH AUF DEINEN BESUCH<\/p>\n\n\n\n<p>Bis es soweit ist, bin ich wie gewohnt in der &#8230;<\/p>\n\n\n\n<p>Kirchengasse 41<br>Hoteleingang\/ Top36<br>1070 Wien<br>T: +43 (0)699 107 400 40 <br>E: <a href=\"&#109;&#x61;&#x69;l&#116;&#x6f;&#x3a;s&#99;&#x68;r&#101;&#x69;&#x62;t&#105;&#x73;c&#104;&#x40;&#x6d;e&#105;&#x6e;&#x65;&#112;&#x72;&#x61;x&#105;&#x73;&#x2e;a&#116;\">&#x73;&#x63;&#x68;&#x72;&#101;&#105;&#98;ti&#x73;&#x63;&#x68;&#x40;&#x6d;&#101;&#105;&#110;ep&#x72;&#x61;&#x78;&#x69;&#x73;&#46;&#97;&#116;<\/a><\/p>\n\n\n\n<p>Link zu <a href=\"https:\/\/goo.gl\/maps\/Z95Biv84ScEEDPqLA\" target=\"_blank\" rel=\"noreferrer noopener\">Google Maps<\/a><\/p>\n\n\n\n<p><strong>Die Praxis liegt im 3.Stock.<\/strong><\/p>\n\n\n\n<p>Wenn du das Haus betrittst, stehst du direkt vor der Treppe. Links davon befinden sich die 2 Fahrst\u00fchle, die dich nach oben bringen.<\/p>\n\n\n\n<p>Achtung, wenn du zu Fu\u00df nach oben kommst, beachte, dass du inklusive Mezzanin und Hochparterre 5 Stockwerke gehen musst.<\/p>\n\n\n\n<p>F\u00fcr all diejenigen die f\u00fcr die Therapie nach Wien anreisen, k\u00f6nnen wir N\u00e4chtigungen zu einem Spezialpreis im&nbsp;<em>Hotel Altstadt Vienna<\/em>&nbsp;m\u00f6glich machen.&nbsp;<\/p>\n\n\n\n<h3 class=\"wp-block-heading\">Parken<\/h3>\n\n\n\n<p>Die Parkm\u00f6glichkeiten in der Umgebung sind rar. Wenn Du nicht Parkplatz suchen m\u00f6chtest, empfehle ich Dir die Parkgarage Gerngro\u00df mit Zufahrten in der Lindengasse und Kirchengasse, oder die im Museumsquartier.<br>Zu der ohnehin schon schwierigen Parksituation in der Umgebung meiner Praxis kommt in den kommenden 5 Jahren auch noch der Bau eines U-Bahn Knotens im Bereich Kirchengasse\/Mariahilfer Stra\u00dfe. Parkplatz zu suchen macht also wirklich kein gro\u00dfes Vergn\u00fcgen.<\/p>\n\n\n\n<h3 class=\"wp-block-heading\">U-Bahn<\/h3>\n\n\n\n<p>Die n\u00e4chsten U-Bahn-Stationen sind U2 Volkstheater oder U3 Neubaugasse. In beiden F\u00e4llen seid ihr nach etwa 10 Minuten gem\u00fctlichem Schlendern bei mir.<\/p>\n","protected":false},"excerpt":{"rendered":"<p>Rene Kr\u00e4nzl-Wiesenthal Ab dem 1. Mai 2025 werde ich in 1030 Wien anzutreffen sein.Die neue Adresse lautet ab dann: Parkgasse 10\/41030 WienT: +43 (0)6991 107 400 40E: sc&#104;&#114;&#101;&#105;&#x62;&#x74;&#x69;&#x73;&#x63;h&#64;&#109;&#101;&#105;&#110;&#x65;&#x70;&#x72;&#x61;&#x78;is&#46;&#97;&#116; Termine nur nach Vereinbarung Die Praxis ist ganz einfach zu finden. Die Parkgasse befindet sich zwischen Rochuspark und der Erdberger L\u00e4nde. Sie [&hellip;]<\/p>\n","protected":false},"author":2,"featured_media":0,"parent":0,"menu_order":7,"comment_status":"closed","ping_status":"closed","template":"","meta":{"_acf_changed":false,"footnotes":""},"class_list":["post-25","page","type-page","status-publish","hentry"],"acf":[],"_links":{"self":[{"href":"https:\/\/www.meinepraxis.at\/de\/wp-json\/wp\/v2\/pages\/25","targetHints":{"allow":["GET"]}}],"collection":[{"href":"https:\/\/www.meinepraxis.at\/de\/wp-json\/wp\/v2\/pages"}],"about":[{"href":"https:\/\/www.meinepraxis.at\/de\/wp-json\/wp\/v2\/types\/page"}],"author":[{"embeddable":true,"href":"https:\/\/www.meinepraxis.at\/de\/wp-json\/wp\/v2\/users\/2"}],"replies":[{"embeddable":true,"href":"https:\/\/www.meinepraxis.at\/de\/wp-json\/wp\/v2\/comments?post=25"}],"version-history":[{"count":13,"href":"https:\/\/www.meinepraxis.at\/de\/wp-json\/wp\/v2\/pages\/25\/revisions"}],"predecessor-version":[{"id":1438,"href":"https:\/\/www.meinepraxis.at\/de\/wp-json\/wp\/v2\/pages\/25\/revisions\/1438"}],"wp:attachment":[{"href":"https:\/\/www.meinepraxis.at\/de\/wp-json\/wp\/v2\/media?parent=25"}],"curies":[{"name":"wp","href":"https:\/\/api.w.org\/{rel}","templated":true}]}}