{"id":29,"date":"2021-03-11T13:32:30","date_gmt":"2021-03-11T12:32:30","guid":{"rendered":"https:\/\/meinepraxis.seam-release.at\/?page_id=29"},"modified":"2023-10-12T10:36:12","modified_gmt":"2023-10-12T08:36:12","slug":"agb","status":"publish","type":"page","link":"https:\/\/www.meinepraxis.at\/de\/agb\/","title":{"rendered":"AGB"},"content":{"rendered":"\n<h2 class=\"wp-block-heading\">Allgemeine Gesch\u00e4ftsbedingungen<\/h2>\n\n\n\n<h4 class=\"wp-block-heading\">(I) Honorar und Rechnungsstellung<\/h4>\n\n\n\n<p>Die Kosten f\u00fcr eine Behandlung belaufen sich ab 01.11.2023 auf\u00a0145,- bis 210,- Euro.<br>Sollte die Patientin, der Patient nach Terminabsprache den Termin nicht wahrnehmen k\u00f6nnen, so hat sie, er den Termin bis zu 24 Stunden vor Behandlungsbeginn abzusagen. Andernfalls sind die vorstehenden Behandlungskosten vollst\u00e4ndig zu bezahlen.<\/p>\n\n\n\n<p>Praxis Kr\u00e4nzl-Wiesenthal&nbsp;stellt \u00fcber den zu zahlenden Betrag eine Honorarnote&nbsp;aus. Diese Honorarnote wird als PDF an die im Vorfeld angegebene Emailadresse verschickt. Falls keine Emailadresse vorhanden ist, kann die Honorarnote optional mittels Textnachricht aufs Handy geschickt oder ausgedruckt werden. Das Honorar ist zahlbar bei Erhalt und kann umgehend \u00fcberwiesen werden. Bei der \u00dcberweisung ist unbedingt auf die Angabe der Zahlungsreferenz zu achten.<\/p>\n\n\n\n<p>Bankverbindung: Erste Bank, IBAN: AT302011100007811519, BIC: GIBAATWWXXX. <br>Nach Ablauf der Zahlungsfrist befindet sich der Patient in Verzug und tr\u00e4gt somit auch die Zinsen sowie die Kosten des Mahn- und Eintreibungsverfahrens (Rechtsanwalts- und Gerichtskosten).<\/p>\n\n\n\n<p>Die Rechnung enth\u00e4lt Angaben zu Namen und Anschrift des Patienten.<\/p>\n\n\n\n<p>Bei Rechnungen, die anderen Firmen oder Personen (nicht Patienten) durch Praxis&nbsp;Kr\u00e4nzl-Wiesenthal&nbsp;ausgestellt werden, ist ebenfalls der vereinbarte Rechnungsbetrag innerhalb von 14 Tagen ab Zugang der Rechnung unter Angaben des Namens und der Rechnungsnummer auf das nachstehende Konto von Praxis Kr\u00e4nzl-Wiesenthal&nbsp;zu zahlen: Erste Bank, IBAN: AT302011100007811519, BIC: GIBAATWWXXX. Nach Ablauf der Zahlungsfrist befindet sich die Partei in Verzug und tr\u00e4gt somit auch die Zinsen sowie die Kosten des Mahn- und Eintreibungsverfahrens (Rechtsanwalts- und Gerichtskosten).<\/p>\n\n\n\n<h4 class=\"wp-block-heading\">(II) Kostenerstattung durch Dritte (Krankenkassen, Versicherungen, Beihilfen)<\/h4>\n\n\n\n<p>Die gesetzlichen Krankenversicherungen \u00fcbernehmen in der Regel zu Teilen die Kosten einer physiotherapeutischen Behandlung, die einer osteopathischen Behandlung nicht. Bitte informieren Sie sich im Vorfeld \u00fcber Art und Weise des Vorgehens Ihrer Krankenkasse. Die meisten Kassen verlangen zur Abrechnung chef\u00e4rztlich bewilligte Verordnung&nbsp;des behandelnden Arztes.<\/p>\n\n\n\n<p>Sofern Sie privat versichert sind oder eine private Zusatzversicherung abgeschlossen haben, die physiktherapeutische Leistungen&nbsp;beinhaltet, kann eine vollst\u00e4ndige oder teilweise Erstattung der Physiotherapie&nbsp;m\u00f6glich sein. Selbiges gilt f\u00fcr osteopathische Leistungen. Die H\u00f6he der Erstattung richtet sich hierbei nach der jeweiligen Versicherung und dem Vertrag. Die Kostenerstattung durch eine Krankenversicherung erfolgt unabh\u00e4ngig von dem zwischen Kr\u00e4nzl-Wiesenthal&nbsp;und dem Patienten abgeschlossenen Behandlungsvertrag.<\/p>\n\n\n\n<p>Die H\u00f6he der Behandlungskosten richten sich immer nach dem abgeschlossenen Behandlungsvertrag, unabh\u00e4ngig davon, wie viel durch einen Dritten (z.B. Krankenkasse) erstattet wird.<\/p>\n\n\n\n<h4 class=\"wp-block-heading\">(III) Rechtswahl<\/h4>\n\n\n\n<p>Praxis Kr\u00e4nzl-Wiesenthal&nbsp;teilt hiermit mit, dass f\u00fcr den Bereich des Honorars durch Patienten, der Kostenerstattung, der Rechnungen an andere Firmen oder Personen, etwaiger Verzugszinsen und Kosten der Rechtsverfolgung ausschlie\u00dflich das Recht der Republik \u00d6sterreich&nbsp;Anwendung findet.<\/p>\n\n\n\n<p>Praxis<br>Rene Kr\u00e4nzl-Wiesenthal<br>Osteopath und Physiotherapeut<br>Kirchengasse 41\/Top 36<br>1070 Wien<\/p>\n","protected":false},"excerpt":{"rendered":"<p>Allgemeine Gesch\u00e4ftsbedingungen (I) Honorar und Rechnungsstellung Die Kosten f\u00fcr eine Behandlung belaufen sich ab 01.11.2023 auf\u00a0145,- bis 210,- Euro.Sollte die Patientin, der Patient nach Terminabsprache den Termin nicht wahrnehmen k\u00f6nnen, so hat sie, er den Termin bis zu 24 Stunden vor Behandlungsbeginn abzusagen. Andernfalls sind die vorstehenden Behandlungskosten vollst\u00e4ndig zu [&hellip;]<\/p>\n","protected":false},"author":2,"featured_media":0,"parent":0,"menu_order":12,"comment_status":"closed","ping_status":"closed","template":"","meta":{"_acf_changed":false,"footnotes":""},"class_list":["post-29","page","type-page","status-publish","hentry"],"acf":[],"_links":{"self":[{"href":"https:\/\/www.meinepraxis.at\/de\/wp-json\/wp\/v2\/pages\/29","targetHints":{"allow":["GET"]}}],"collection":[{"href":"https:\/\/www.meinepraxis.at\/de\/wp-json\/wp\/v2\/pages"}],"about":[{"href":"https:\/\/www.meinepraxis.at\/de\/wp-json\/wp\/v2\/types\/page"}],"author":[{"embeddable":true,"href":"https:\/\/www.meinepraxis.at\/de\/wp-json\/wp\/v2\/users\/2"}],"replies":[{"embeddable":true,"href":"https:\/\/www.meinepraxis.at\/de\/wp-json\/wp\/v2\/comments?post=29"}],"version-history":[{"count":7,"href":"https:\/\/www.meinepraxis.at\/de\/wp-json\/wp\/v2\/pages\/29\/revisions"}],"predecessor-version":[{"id":1146,"href":"https:\/\/www.meinepraxis.at\/de\/wp-json\/wp\/v2\/pages\/29\/revisions\/1146"}],"wp:attachment":[{"href":"https:\/\/www.meinepraxis.at\/de\/wp-json\/wp\/v2\/media?parent=29"}],"curies":[{"name":"wp","href":"https:\/\/api.w.org\/{rel}","templated":true}]}}