{"id":31,"date":"2021-03-11T13:32:45","date_gmt":"2021-03-11T12:32:45","guid":{"rendered":"https:\/\/meinepraxis.seam-release.at\/?page_id=31"},"modified":"2021-06-06T20:24:53","modified_gmt":"2021-06-06T18:24:53","slug":"stornobedingungen","status":"publish","type":"page","link":"https:\/\/www.meinepraxis.at\/de\/stornobedingungen\/","title":{"rendered":"Stornobedingungen"},"content":{"rendered":"\n<p>Die Kosten f\u00fcr eine Behandlung belaufen sich seit 01.01.2017 auf\u00a0100,- bis 180,- Euro.<br>Sollte die Patientin, der Patient nach Terminabsprache den Termin <strong>nicht wahrnehmen k\u00f6nnen<\/strong>, so hat sie, er den Termin <strong>bis zu 24 Stunden vor Behandlungsbeginn<\/strong> ausschlie\u00dflich schriftlich abzusagen. Andernfalls sind die vorstehenden Behandlungskosten zur G\u00e4nze zu bezahlen. Die Stornierung kann via Email an entsprechende Praxisemailadresse oder via SMS an die Praxistelefonnummer erfolgen. Stornierungen \u00fcber andere Kurzmitteilungsplattformen bzw. soziale Medien werden nicht ber\u00fccksichtigt.<\/p>\n","protected":false},"excerpt":{"rendered":"<p>Die Kosten f\u00fcr eine Behandlung belaufen sich seit 01.01.2017 auf\u00a0100,- bis 180,- Euro.Sollte die Patientin, der Patient nach Terminabsprache den Termin nicht wahrnehmen k\u00f6nnen, so hat sie, er den Termin bis zu 24 Stunden vor Behandlungsbeginn ausschlie\u00dflich schriftlich abzusagen. Andernfalls sind die vorstehenden Behandlungskosten zur G\u00e4nze zu bezahlen. Die Stornierung [&hellip;]<\/p>\n","protected":false},"author":2,"featured_media":0,"parent":0,"menu_order":13,"comment_status":"closed","ping_status":"closed","template":"","meta":{"_acf_changed":false,"footnotes":""},"class_list":["post-31","page","type-page","status-publish","hentry"],"acf":[],"_links":{"self":[{"href":"https:\/\/www.meinepraxis.at\/de\/wp-json\/wp\/v2\/pages\/31","targetHints":{"allow":["GET"]}}],"collection":[{"href":"https:\/\/www.meinepraxis.at\/de\/wp-json\/wp\/v2\/pages"}],"about":[{"href":"https:\/\/www.meinepraxis.at\/de\/wp-json\/wp\/v2\/types\/page"}],"author":[{"embeddable":true,"href":"https:\/\/www.meinepraxis.at\/de\/wp-json\/wp\/v2\/users\/2"}],"replies":[{"embeddable":true,"href":"https:\/\/www.meinepraxis.at\/de\/wp-json\/wp\/v2\/comments?post=31"}],"version-history":[{"count":4,"href":"https:\/\/www.meinepraxis.at\/de\/wp-json\/wp\/v2\/pages\/31\/revisions"}],"predecessor-version":[{"id":627,"href":"https:\/\/www.meinepraxis.at\/de\/wp-json\/wp\/v2\/pages\/31\/revisions\/627"}],"wp:attachment":[{"href":"https:\/\/www.meinepraxis.at\/de\/wp-json\/wp\/v2\/media?parent=31"}],"curies":[{"name":"wp","href":"https:\/\/api.w.org\/{rel}","templated":true}]}}