{"id":203,"date":"2021-03-11T12:07:36","date_gmt":"2021-03-11T11:07:36","guid":{"rendered":"https:\/\/meinepraxis.seam-release.at\/start\/"},"modified":"2021-03-24T13:01:13","modified_gmt":"2021-03-24T12:01:13","slug":"start","status":"publish","type":"page","link":"https:\/\/www.meinepraxis.at\/en\/","title":{"rendered":"Healthy makes you happy!"},"content":{"rendered":"\n<p class=\"has-medium-font-size\">###Hier kommt die EN Version des Textes.### Ich hei\u00dfe Rene Kr\u00e4nzl-Wiesenthal und bin seit 20 Jahren Therapeut. Wenn du jemanden suchst, der dir hilft deinen K\u00f6rper aufzur\u00e4umen und wieder ins Lot zu bringen, bin ich genau der Richtige.<\/p>\n\n\n\n<p>Ich lebe dieses ganz besondere Handwerk, tr\u00e4ume den Zauber der Natur und denke doch pragmatisch. So finde ich L\u00f6sungen. Ich suche Gesundheit, nicht Krankheit.<\/p>\n\n\n\n<p>Meine Spezialit\u00e4t ist es, Durchl\u00e4ssigkeit zu schaffen, wo zu viel Dichte den K\u00f6rper steif und schwerf\u00e4llig macht. Die Ordnung, die ich schaffe, erm\u00f6glicht ein dynamisches Gleichgewicht und spart dir so Energie. Dieses dynamische Gleichgewicht nimmt dir nicht nur den Schmerz, sondern erm\u00f6glicht dir, deine Ressourcen anderweitig zu nutzen.<\/p>\n\n\n\n<p>So f\u00fchlst du dich freier und leichter als zuvor und stehst wieder mit in Verbindung mit dir selbst.<\/p>\n\n\n\n<p>Auf diesem Weg arbeite ich seit Jahren erfolgreich an Problemen wie Kopfschmerzen, R\u00fcckenschmerzen, Brustkorbenge, Tinnitus, Burnout, Panikattacken, Bauchschmerzen und Problemen mit Arm- und Beingelenken.<\/p>\n\n\n\n<p>Wie all das geht findest du hier, bei Vortr\u00e4gen und bei mir in der Praxis heraus.<\/p>\n\n\n\n<div class=\"wp-block-buttons is-content-justification-center is-layout-flex wp-block-buttons-is-layout-flex\">\n<div class=\"wp-block-button\"><a class=\"wp-block-button__link\" href=\"https:\/\/meinepraxis.seam-release.at\/meine-arbeit\/\">\u00dcber meine Arbeit<\/a><\/div>\n\n\n\n<div class=\"wp-block-button\"><a class=\"wp-block-button__link\" href=\"https:\/\/meinepraxis.seam-release.at\/ueber-mich\/\">\u00dcber mich<\/a><\/div>\n<\/div>\n\n\n\n<blockquote class=\"wp-block-quote is-layout-flow wp-block-quote-is-layout-flow\"><p>Lorem ipsum dolor sit amet, consectetur adipiscing elit. Curabitur lectus ex, lobortis sed viverra sit amet, condimentum sodales augue. Vivamus egestas erat vitae sapien dignissim hendrerit sit amet vitae tortor. Sed fermentum cursus risus, ut porta nisi rhoncus vitae. Donec vel libero lacus.<\/p><cite>Elmar M.<\/cite><\/blockquote>\n","protected":false},"excerpt":{"rendered":"<p>###Hier kommt die EN Version des Textes.### Ich hei\u00dfe Rene Kr\u00e4nzl-Wiesenthal und bin seit 20 Jahren Therapeut. Wenn du jemanden suchst, der dir hilft deinen K\u00f6rper aufzur\u00e4umen und wieder ins Lot zu bringen, bin ich genau der Richtige. Ich lebe dieses ganz besondere Handwerk, tr\u00e4ume den Zauber der Natur und [&hellip;]<\/p>\n","protected":false},"author":2,"featured_media":0,"parent":0,"menu_order":1,"comment_status":"closed","ping_status":"closed","template":"","meta":{"_acf_changed":false,"footnotes":""},"class_list":["post-203","page","type-page","status-publish","hentry"],"acf":[],"_links":{"self":[{"href":"https:\/\/www.meinepraxis.at\/en\/wp-json\/wp\/v2\/pages\/203","targetHints":{"allow":["GET"]}}],"collection":[{"href":"https:\/\/www.meinepraxis.at\/en\/wp-json\/wp\/v2\/pages"}],"about":[{"href":"https:\/\/www.meinepraxis.at\/en\/wp-json\/wp\/v2\/types\/page"}],"author":[{"embeddable":true,"href":"https:\/\/www.meinepraxis.at\/en\/wp-json\/wp\/v2\/users\/2"}],"replies":[{"embeddable":true,"href":"https:\/\/www.meinepraxis.at\/en\/wp-json\/wp\/v2\/comments?post=203"}],"version-history":[{"count":8,"href":"https:\/\/www.meinepraxis.at\/en\/wp-json\/wp\/v2\/pages\/203\/revisions"}],"predecessor-version":[{"id":245,"href":"https:\/\/www.meinepraxis.at\/en\/wp-json\/wp\/v2\/pages\/203\/revisions\/245"}],"wp:attachment":[{"href":"https:\/\/www.meinepraxis.at\/en\/wp-json\/wp\/v2\/media?parent=203"}],"curies":[{"name":"wp","href":"https:\/\/api.w.org\/{rel}","templated":true}]}}