{"id":252,"date":"2021-03-11T13:30:12","date_gmt":"2021-03-11T12:30:12","guid":{"rendered":"https:\/\/meinepraxis.seam-release.at\/?page_id=252"},"modified":"2023-05-06T20:29:30","modified_gmt":"2023-05-06T18:29:30","slug":"bewertung","status":"publish","type":"page","link":"https:\/\/www.meinepraxis.at\/en\/bewertung\/","title":{"rendered":"Referenzen"},"content":{"rendered":"                          <div class=\"testimonials\">\n\n                \n                  <div class=\"item\">\n                    <blockquote>\n                      <p>&#8230; neben seinen F\u00e4higkeiten mir Schmerzen zu nehmen, sch\u00e4tze ich vor allem seinen Zugang die Ursache nachhaltig aufl\u00f6sen zu wollen.<\/p>\n                      <cite>Marie-Sophie K.<\/cite>\n                    <\/blockquote>\n                  <\/div>\n\n                \n                  <div class=\"item\">\n                    <blockquote>\n                      <p>Die Wirkung seiner Arbeit ist so vielschichtig und tiefgr\u00fcndig, dass sie kaum in Worte zu fassen ist, &#8211; man muss es selbst erleben.<\/p>\n                      <cite>Ines L.<\/cite>\n                    <\/blockquote>\n                  <\/div>\n\n                \n                  <div class=\"item\">\n                    <blockquote>\n                      <p>Es ist ein gro\u00dfes Gl\u00fcck, sich in den H\u00e4nden von jemandem zu wissen, der solch ungeheure Genauigkeit, K\u00f6nnen, Geduld, Gelassenheit, Empathie, Klarheit und auch Humor in sich vereint<\/p>\n                      <cite>Steffi M.<\/cite>\n                    <\/blockquote>\n                  <\/div>\n\n                \n                  <div class=\"item\">\n                    <blockquote>\n                      <p>Vor einigen Jahren kam ich zu Rene mit der Hoffnung, meine Migr\u00e4ne so zu ver\u00e4ndern, da\u00df ich gut damit leben kann. Heute ist sie milde, manches mal vergesse ich sie sogar und so ganz \u201enebenbei\u201c atme ich frei, gehe z\u00fcgig, stehe aufrecht und habe einen Freundosteopathen, der es gut mit mir meint.<\/p>\n                      <cite>Tunja M.<\/cite>\n                    <\/blockquote>\n                  <\/div>\n\n                \n                  <div class=\"item\">\n                    <blockquote>\n                      <p>Nach einem H\u00f6rsturz mit starker Beeintr\u00e4chtigung des Geh\u00f6rs und massiven Schwindelanf\u00e4llen hatte ich Vertrauen zu Rene Kr\u00e4nzl-Wiesenthal gefasst. Nach regelm\u00e4\u00dfigen Therapien h\u00f6re ich wieder gut und auch mein Schwindel hat sich gegeben. Mein gesamtes Wohlbefinden hat sich gesteigert.<\/p>\n                      <cite>Brigitte W.<\/cite>\n                    <\/blockquote>\n                  <\/div>\n\n                \n                  <div class=\"item\">\n                    <blockquote>\n                      <p>Er packt das Grundproblem bei der Wurzel  und tr\u00e4gt so zu einem stets wachsenden Wohlbefinden bei.<\/p>\n                      <cite>Philipp L.<\/cite>\n                    <\/blockquote>\n                  <\/div>\n\n                \n                  <div class=\"item\">\n                    <blockquote>\n                      <p>Ren\u00e9 verf\u00fcgt \u00fcber enorme fachliche Kompetenz, beherrscht verschiedenste Behandlungstechniken und auch zwischenmenschlich ist man bei ihm sehr gut aufgehoben. Er h\u00f6rt aufmerksam zu und erkl\u00e4rt nach jeder Behandlung, was genau gemacht wurde. Es \u00fcberrascht mich immer wieder, was er mit seinen Wunderh\u00e4nden zu Stande bringt. Bin sehr froh und dankbar, dass er mich schon \u00fcber 3 Jahre regelm\u00e4\u00dfig begleitet und mich unterst\u00fctzt!<\/p>\n                      <cite>Gerald B.<\/cite>\n                    <\/blockquote>\n                  <\/div>\n\n                \n                  <div class=\"item\">\n                    <blockquote>\n                      <p><\/p>\n                      <cite><\/cite>\n                    <\/blockquote>\n                  <\/div>\n\n                \n                  <div class=\"item\">\n                    <blockquote>\n                      <p><\/p>\n                      <cite><\/cite>\n                    <\/blockquote>\n                  <\/div>\n\n                \n              <\/div>\n            ","protected":false},"excerpt":{"rendered":"","protected":false},"author":2,"featured_media":0,"parent":0,"menu_order":5,"comment_status":"closed","ping_status":"closed","template":"","meta":{"_acf_changed":false,"footnotes":""},"class_list":["post-252","page","type-page","status-publish","hentry"],"acf":[],"_links":{"self":[{"href":"https:\/\/www.meinepraxis.at\/en\/wp-json\/wp\/v2\/pages\/252","targetHints":{"allow":["GET"]}}],"collection":[{"href":"https:\/\/www.meinepraxis.at\/en\/wp-json\/wp\/v2\/pages"}],"about":[{"href":"https:\/\/www.meinepraxis.at\/en\/wp-json\/wp\/v2\/types\/page"}],"author":[{"embeddable":true,"href":"https:\/\/www.meinepraxis.at\/en\/wp-json\/wp\/v2\/users\/2"}],"replies":[{"embeddable":true,"href":"https:\/\/www.meinepraxis.at\/en\/wp-json\/wp\/v2\/comments?post=252"}],"version-history":[{"count":38,"href":"https:\/\/www.meinepraxis.at\/en\/wp-json\/wp\/v2\/pages\/252\/revisions"}],"predecessor-version":[{"id":1027,"href":"https:\/\/www.meinepraxis.at\/en\/wp-json\/wp\/v2\/pages\/252\/revisions\/1027"}],"wp:attachment":[{"href":"https:\/\/www.meinepraxis.at\/en\/wp-json\/wp\/v2\/media?parent=252"}],"curies":[{"name":"wp","href":"https:\/\/api.w.org\/{rel}","templated":true}]}}